{"id":289,"date":"2020-07-20T08:26:11","date_gmt":"2020-07-20T08:26:11","guid":{"rendered":"https:\/\/mario-rhode.de\/index.php\/home\/"},"modified":"2024-08-27T13:39:57","modified_gmt":"2024-08-27T11:39:57","slug":"home","status":"publish","type":"page","link":"https:\/\/mario-rhode.de\/","title":{"rendered":"Home"},"content":{"rendered":"\t\t<div data-elementor-type=\"wp-page\" data-elementor-id=\"289\" class=\"elementor elementor-289\" data-elementor-post-type=\"page\">\n\t\t\t\t\t\t<section class=\"elementor-section elementor-top-section elementor-element elementor-element-ea66fca elementor-section-boxed elementor-section-height-default elementor-section-height-default\" data-id=\"ea66fca\" data-element_type=\"section\" data-e-type=\"section\" data-settings=\"{&quot;background_background&quot;:&quot;classic&quot;}\">\n\t\t\t\t\t\t<div class=\"elementor-container elementor-column-gap-default\">\n\t\t\t\t\t<div class=\"elementor-column elementor-col-100 elementor-top-column elementor-element elementor-element-fe68f7d\" data-id=\"fe68f7d\" data-element_type=\"column\" data-e-type=\"column\">\n\t\t\t<div class=\"elementor-widget-wrap elementor-element-populated\">\n\t\t\t\t\t\t<div class=\"elementor-element elementor-element-52fec8c elementor-widget elementor-widget-spacer\" data-id=\"52fec8c\" data-element_type=\"widget\" data-e-type=\"widget\" data-widget_type=\"spacer.default\">\n\t\t\t\t<div class=\"elementor-widget-container\">\n\t\t\t\t\t\t\t<div class=\"elementor-spacer\">\n\t\t\t<div class=\"elementor-spacer-inner\"><\/div>\n\t\t<\/div>\n\t\t\t\t\t\t<\/div>\n\t\t\t\t<\/div>\n\t\t\t\t<div class=\"elementor-element elementor-element-fcd817d elementor-widget elementor-widget-heading\" data-id=\"fcd817d\" data-element_type=\"widget\" data-e-type=\"widget\" data-widget_type=\"heading.default\">\n\t\t\t\t<div class=\"elementor-widget-container\">\n\t\t\t\t\t<h2 class=\"elementor-heading-title elementor-size-default\">Politik f\u00fcr unsere Stadt \u2013 im Kiez zu Hause <br>b\u00fcrgernah | unabh\u00e4ngig | sachbezogen<\/h2>\t\t\t\t<\/div>\n\t\t\t\t<\/div>\n\t\t\t\t<div class=\"elementor-element elementor-element-99ee0a1 elementor-widget elementor-widget-spacer\" data-id=\"99ee0a1\" data-element_type=\"widget\" data-e-type=\"widget\" data-widget_type=\"spacer.default\">\n\t\t\t\t<div class=\"elementor-widget-container\">\n\t\t\t\t\t\t\t<div class=\"elementor-spacer\">\n\t\t\t<div class=\"elementor-spacer-inner\"><\/div>\n\t\t<\/div>\n\t\t\t\t\t\t<\/div>\n\t\t\t\t<\/div>\n\t\t\t\t\t<\/div>\n\t\t<\/div>\n\t\t\t\t\t<\/div>\n\t\t<\/section>\n\t\t\t\t<section class=\"elementor-section elementor-top-section elementor-element elementor-element-eae1123 elementor-section-boxed elementor-section-height-default elementor-section-height-default\" data-id=\"eae1123\" data-element_type=\"section\" data-e-type=\"section\">\n\t\t\t\t\t\t<div class=\"elementor-container elementor-column-gap-default\">\n\t\t\t\t\t<div class=\"elementor-column elementor-col-50 elementor-top-column elementor-element elementor-element-f522b6d\" data-id=\"f522b6d\" data-element_type=\"column\" data-e-type=\"column\" data-settings=\"{&quot;background_background&quot;:&quot;classic&quot;}\">\n\t\t\t<div class=\"elementor-widget-wrap elementor-element-populated\">\n\t\t\t\t\t\t<div class=\"elementor-element elementor-element-2fdea77 elementor-widget elementor-widget-image\" data-id=\"2fdea77\" data-element_type=\"widget\" data-e-type=\"widget\" data-widget_type=\"image.default\">\n\t\t\t\t<div class=\"elementor-widget-container\">\n\t\t\t\t\t\t\t\t\t\t\t\t\t\t\t<img fetchpriority=\"high\" decoding=\"async\" width=\"1024\" height=\"819\" src=\"https:\/\/mario-rhode.de\/wp-content\/uploads\/2021\/09\/20210809-1352_1303-1024x819.jpg\" class=\"attachment-large size-large wp-image-763\" alt=\"\" srcset=\"https:\/\/mario-rhode.de\/wp-content\/uploads\/2021\/09\/20210809-1352_1303-1024x819.jpg 1024w, https:\/\/mario-rhode.de\/wp-content\/uploads\/2021\/09\/20210809-1352_1303-300x240.jpg 300w, https:\/\/mario-rhode.de\/wp-content\/uploads\/2021\/09\/20210809-1352_1303-768x614.jpg 768w, https:\/\/mario-rhode.de\/wp-content\/uploads\/2021\/09\/20210809-1352_1303-1536x1229.jpg 1536w, https:\/\/mario-rhode.de\/wp-content\/uploads\/2021\/09\/20210809-1352_1303-2048x1638.jpg 2048w\" sizes=\"(max-width: 1024px) 100vw, 1024px\" \/>\t\t\t\t\t\t\t\t\t\t\t\t\t\t\t<\/div>\n\t\t\t\t<\/div>\n\t\t\t\t<div class=\"elementor-element elementor-element-f0b789a elementor-widget elementor-widget-text-editor\" data-id=\"f0b789a\" data-element_type=\"widget\" data-e-type=\"widget\" data-widget_type=\"text-editor.default\">\n\t\t\t\t<div class=\"elementor-widget-container\">\n\t\t\t\t\t\t\t\t\t<p>Mario Rhode<br \/>Landesvorsitzender Freie W\u00e4hler Berlin<br \/>Vorsitzender der Bezirksvereinigung<br \/>Tempelhof-Sch\u00f6neberg<\/p>\t\t\t\t\t\t\t\t<\/div>\n\t\t\t\t<\/div>\n\t\t\t\t\t<\/div>\n\t\t<\/div>\n\t\t\t\t<div class=\"elementor-column elementor-col-50 elementor-top-column elementor-element elementor-element-e5fe13f\" data-id=\"e5fe13f\" data-element_type=\"column\" data-e-type=\"column\">\n\t\t\t<div class=\"elementor-widget-wrap elementor-element-populated\">\n\t\t\t\t\t\t<div class=\"elementor-element elementor-element-9375021 elementor-widget elementor-widget-image\" data-id=\"9375021\" data-element_type=\"widget\" data-e-type=\"widget\" data-widget_type=\"image.default\">\n\t\t\t\t<div class=\"elementor-widget-container\">\n\t\t\t\t\t\t\t\t\t\t\t\t\t\t\t\t<a href=\"https:\/\/mario-rhode.de\/index.php\/spenden\/\">\n\t\t\t\t\t\t\t<img decoding=\"async\" width=\"817\" height=\"385\" src=\"https:\/\/mario-rhode.de\/wp-content\/uploads\/2021\/08\/image001.jpg\" class=\"attachment-full size-full wp-image-1131\" alt=\"\" srcset=\"https:\/\/mario-rhode.de\/wp-content\/uploads\/2021\/08\/image001.jpg 817w, https:\/\/mario-rhode.de\/wp-content\/uploads\/2021\/08\/image001-300x141.jpg 300w, https:\/\/mario-rhode.de\/wp-content\/uploads\/2021\/08\/image001-768x362.jpg 768w\" sizes=\"(max-width: 817px) 100vw, 817px\" \/>\t\t\t\t\t\t\t\t<\/a>\n\t\t\t\t\t\t\t\t\t\t\t\t\t\t\t<\/div>\n\t\t\t\t<\/div>\n\t\t\t\t<div class=\"elementor-element elementor-element-c01404f elementor-widget elementor-widget-text-editor\" data-id=\"c01404f\" data-element_type=\"widget\" data-e-type=\"widget\" data-widget_type=\"text-editor.default\">\n\t\t\t\t<div class=\"elementor-widget-container\">\n\t\t\t\t\t\t\t\t\t<p>Spenden Sie jetzt&#8230;<br \/>Einfach das Bild anklicken\u00a0<\/p>\t\t\t\t\t\t\t\t<\/div>\n\t\t\t\t<\/div>\n\t\t\t\t\t<\/div>\n\t\t<\/div>\n\t\t\t\t\t<\/div>\n\t\t<\/section>\n\t\t\t\t<section class=\"elementor-section elementor-top-section elementor-element elementor-element-14020ab elementor-section-boxed elementor-section-height-default elementor-section-height-default\" data-id=\"14020ab\" data-element_type=\"section\" data-e-type=\"section\">\n\t\t\t\t\t\t<div class=\"elementor-container elementor-column-gap-default\">\n\t\t\t\t\t<div class=\"elementor-column elementor-col-100 elementor-top-column elementor-element elementor-element-6235cb5\" data-id=\"6235cb5\" data-element_type=\"column\" data-e-type=\"column\">\n\t\t\t<div class=\"elementor-widget-wrap elementor-element-populated\">\n\t\t\t\t\t\t<div class=\"elementor-element elementor-element-21be3d2 elementor-widget elementor-widget-video\" data-id=\"21be3d2\" data-element_type=\"widget\" data-e-type=\"widget\" data-settings=\"{&quot;video_type&quot;:&quot;hosted&quot;,&quot;play_on_mobile&quot;:&quot;yes&quot;,&quot;autoplay&quot;:&quot;yes&quot;,&quot;mute&quot;:&quot;yes&quot;,&quot;loop&quot;:&quot;yes&quot;,&quot;controls&quot;:&quot;yes&quot;}\" data-widget_type=\"video.default\">\n\t\t\t\t<div class=\"elementor-widget-container\">\n\t\t\t\t\t\t\t<div class=\"e-hosted-video elementor-wrapper elementor-open-inline\">\n\t\t\t\t\t<video class=\"elementor-video\" src=\"https:\/\/mario-rhode.de\/wp-content\/uploads\/2021\/08\/10000000_201755805139873_5544571234154284254_n.mp4\" autoplay=\"\" loop=\"\" controls=\"\" muted=\"muted\" playsinline=\"\" poster=\"https:\/\/mario-rhode.de\/wp-content\/uploads\/2021\/08\/2021-08-06-13_22_01-Tempelhof-Schoeneberg-\u2013-buergernah-_-unabhaengig-_-sachbezogen.png\"><\/video>\n\t\t\t\t<\/div>\n\t\t\t\t\t\t<\/div>\n\t\t\t\t<\/div>\n\t\t\t\t<div class=\"elementor-element elementor-element-0800845 elementor-widget-divider--view-line elementor-widget elementor-widget-divider\" data-id=\"0800845\" data-element_type=\"widget\" data-e-type=\"widget\" data-widget_type=\"divider.default\">\n\t\t\t\t<div class=\"elementor-widget-container\">\n\t\t\t\t\t\t\t<div class=\"elementor-divider\">\n\t\t\t<span class=\"elementor-divider-separator\">\n\t\t\t\t\t\t<\/span>\n\t\t<\/div>\n\t\t\t\t\t\t<\/div>\n\t\t\t\t<\/div>\n\t\t\t\t\t<\/div>\n\t\t<\/div>\n\t\t\t\t\t<\/div>\n\t\t<\/section>\n\t\t\t\t<section class=\"elementor-section elementor-top-section elementor-element elementor-element-d20c50d elementor-section-boxed elementor-section-height-default elementor-section-height-default\" data-id=\"d20c50d\" data-element_type=\"section\" data-e-type=\"section\">\n\t\t\t\t\t\t<div class=\"elementor-container elementor-column-gap-default\">\n\t\t\t\t\t<div class=\"elementor-column elementor-col-100 elementor-top-column elementor-element elementor-element-43a8930\" data-id=\"43a8930\" data-element_type=\"column\" data-e-type=\"column\">\n\t\t\t<div class=\"elementor-widget-wrap elementor-element-populated\">\n\t\t\t\t\t\t<div class=\"elementor-element elementor-element-66134be elementor-widget elementor-widget-heading\" data-id=\"66134be\" data-element_type=\"widget\" data-e-type=\"widget\" data-widget_type=\"heading.default\">\n\t\t\t\t<div class=\"elementor-widget-container\">\n\t\t\t\t\t<h2 class=\"elementor-heading-title elementor-size-default\">Auszug aus unserem Wahlprogramm <br>f\u00fcr Tempelhof-Sch\u00f6neberg  \u201eWir leben, was wir reden\u201c! <\/h2>\t\t\t\t<\/div>\n\t\t\t\t<\/div>\n\t\t\t\t\t<\/div>\n\t\t<\/div>\n\t\t\t\t\t<\/div>\n\t\t<\/section>\n\t\t\t\t<section class=\"elementor-section elementor-top-section elementor-element elementor-element-a60001b elementor-section-boxed elementor-section-height-default elementor-section-height-default\" data-id=\"a60001b\" data-element_type=\"section\" data-e-type=\"section\">\n\t\t\t\t\t\t<div class=\"elementor-container elementor-column-gap-default\">\n\t\t\t\t\t<div class=\"elementor-column elementor-col-100 elementor-top-column elementor-element elementor-element-a8cdb9d\" data-id=\"a8cdb9d\" data-element_type=\"column\" data-e-type=\"column\">\n\t\t\t<div class=\"elementor-widget-wrap elementor-element-populated\">\n\t\t\t\t\t\t<div class=\"elementor-element elementor-element-16a1403 elementor-widget elementor-widget-text-editor\" data-id=\"16a1403\" data-element_type=\"widget\" data-e-type=\"widget\" data-widget_type=\"text-editor.default\">\n\t\t\t\t<div class=\"elementor-widget-container\">\n\t\t\t\t\t\t\t\t\t<p style=\"font-weight: 400;\">\u00a0<\/p><p style=\"font-weight: 400;\"><u>Freir\u00e4ume:<\/u><\/p><p style=\"font-weight: 400;\"><strong><em>\u201eFreies Feld f\u00fcr freie B\u00fcrger\u201c <br \/>\u2192\u00a0<\/em><\/strong>Keine Bebauung des Tempelhofer Feldes<\/p><p style=\"font-weight: 400;\"><u>Sicherheit:<\/u><\/p><p style=\"font-weight: 400;\"><strong><em>\u201ePolizei da wo man sie braucht\u201c<\/em><\/strong>\u00a0<br \/><strong><em>\u2192\u00a0<\/em><\/strong>Einrichtung mobiler Polizeistationen zur tempor\u00e4ren Kriminalit\u00e4tsbek\u00e4mpfung je nach Bedarfslage in den Kiezen<\/p><p style=\"font-weight: 400;\"><u>Tierschutz:<\/u><\/p><p style=\"font-weight: 400;\"><strong><em>\u201eTiergesundheit im Kiez f\u00fcr jeden\u201c<\/em><\/strong>\u00a0<br \/><strong><em>\u2192<\/em><\/strong>\u00a0Einrichtung mobiler Tier\u00e4rzte zur Unterst\u00fctzung der \u00e4lteren und einkommensschw\u00e4cheren Bev\u00f6lkerung<\/p><p style=\"font-weight: 400;\"><u>Kunst und Kultur:<\/u><\/p><p style=\"font-weight: 400;\"><strong><em>\u201eFreie R\u00e4ume f\u00fcr Freie Szene\u201c<\/em><\/strong>\u00a0<br \/><strong><em>\u2192\u00a0<\/em><\/strong>Nutzung und bezirkliche F\u00f6rderung von leerstehenden Galerien, Ausstellungs- und Prober\u00e4umen f\u00fcr die Szene der Freien Kultur<\/p><p style=\"font-weight: 400;\"><u>Kiezkultur:<\/u><\/p><p style=\"font-weight: 400;\"><strong><em>\u201eJetzt geht\u2019s um die Wurst\u201c<\/em><\/strong>\u00a0<br \/><strong><em>\u2192<\/em><\/strong>\u00a0Unsere Berliner Currywurstbuden geh\u00f6ren zu den Kiezen (vegan, klassisch? Egal &#8211; Hauptsache Currywurst!)<\/p><p style=\"font-weight: 400;\"><u>Wirtschaft:<\/u><\/p><p style=\"font-weight: 400;\"><strong><em>\u201eMehr Gastronomie &#8211; weniger B\u00fcrokratie\u201c<\/em><\/strong>\u00a0<br \/><strong><em>\u2192\u00a0<\/em><\/strong>Die Gastronomie wurde immer weiter in ihrer Autonomie beschnitten: Wir fordern flexiblere Zeiten bzgl. Terrassenschlie\u00dfung (in Szenekiezen auch nach 22.00 Uhr; Bundesratsinitiative bzgl. L\u00e4rmschutz) und weniger b\u00fcrokratische Auflagen. W\u00e4hrend des Lockdowns erschwerte die ausufernde \u201eVerbotskultur\u201c das \u00dcberleben der ohnehin schon stark vernachl\u00e4ssigten Gastronomiebetriebe noch mehr.<\/p><p style=\"font-weight: 400;\"><u>Jugend und Familie:<\/u><\/p><p style=\"font-weight: 400;\"><strong><em>\u201eDie besten Spielpl\u00e4tze in Berlin\u201c<\/em><\/strong>\u00a0<br \/><strong><em>\u2192<\/em><\/strong>\u00a0Die Spielpl\u00e4tze m\u00fcssen modernisiert und sauberer, Sicherheits\u00fcberpr\u00fcfungen noch regelm\u00e4\u00dfiger durchgef\u00fchrt werden.\u00a0Wir fordern auch generell mehr Spielpl\u00e4tze f\u00fcr den Bezirk: \u201eKleine Menschen \u2013 kleine Entfernungen\u201c.<\/p>\t\t\t\t\t\t\t\t<\/div>\n\t\t\t\t<\/div>\n\t\t\t\t<div class=\"elementor-element elementor-element-ac5e0eb elementor-widget elementor-widget-text-editor\" data-id=\"ac5e0eb\" data-element_type=\"widget\" data-e-type=\"widget\" data-widget_type=\"text-editor.default\">\n\t\t\t\t<div class=\"elementor-widget-container\">\n\t\t\t\t\t\t\t\t\t<p><a href=\"https:\/\/mario-rhode.de\/index.php\/wahlprogramm\/\">Ausf\u00fchrlichere Informationen finden Sie in unserem Wahlprogramm<\/a><\/p>\t\t\t\t\t\t\t\t<\/div>\n\t\t\t\t<\/div>\n\t\t\t\t<div class=\"elementor-element elementor-element-cc2462e elementor-widget elementor-widget-spacer\" data-id=\"cc2462e\" data-element_type=\"widget\" data-e-type=\"widget\" data-widget_type=\"spacer.default\">\n\t\t\t\t<div class=\"elementor-widget-container\">\n\t\t\t\t\t\t\t<div class=\"elementor-spacer\">\n\t\t\t<div class=\"elementor-spacer-inner\"><\/div>\n\t\t<\/div>\n\t\t\t\t\t\t<\/div>\n\t\t\t\t<\/div>\n\t\t\t\t\t<\/div>\n\t\t<\/div>\n\t\t\t\t\t<\/div>\n\t\t<\/section>\n\t\t\t\t<\/div>\n\t\t","protected":false},"excerpt":{"rendered":"<p>Politik f\u00fcr unsere Stadt \u2013 im Kiez zu Hause b\u00fcrgernah | unabh\u00e4ngig | sachbezogen Mario RhodeLandesvorsitzender Freie W\u00e4hler BerlinVorsitzender der BezirksvereinigungTempelhof-Sch\u00f6neberg Spenden Sie jetzt&#8230;Einfach das Bild anklicken\u00a0 https:\/\/mario-rhode.de\/wp-content\/uploads\/2021\/08\/10000000_201755805139873_5544571234154284254_n.mp4 Auszug aus unserem Wahlprogramm f\u00fcr Tempelhof-Sch\u00f6neberg \u201eWir leben, was wir reden\u201c! \u00a0 Freir\u00e4ume: \u201eFreies Feld f\u00fcr freie B\u00fcrger\u201c \u2192\u00a0Keine Bebauung des Tempelhofer Feldes Sicherheit: \u201ePolizei da wo [&hellip;]<\/p>\n","protected":false},"author":1,"featured_media":0,"parent":0,"menu_order":0,"comment_status":"closed","ping_status":"closed","template":"","meta":{"site-sidebar-layout":"no-sidebar","site-content-layout":"page-builder","ast-site-content-layout":"full-width-container","site-content-style":"unboxed","site-sidebar-style":"unboxed","ast-global-header-display":"","ast-banner-title-visibility":"","ast-main-header-display":"","ast-hfb-above-header-display":"","ast-hfb-below-header-display":"","ast-hfb-mobile-header-display":"","site-post-title":"disabled","ast-breadcrumbs-content":"disabled","ast-featured-img":"disabled","footer-sml-layout":"","ast-disable-related-posts":"","theme-transparent-header-meta":"enabled","adv-header-id-meta":"","stick-header-meta":"","header-above-stick-meta":"","header-main-stick-meta":"","header-below-stick-meta":"","astra-migrate-meta-layouts":"set","ast-page-background-enabled":"default","ast-page-background-meta":{"desktop":{"background-color":"","background-image":"","background-repeat":"repeat","background-position":"center center","background-size":"auto","background-attachment":"scroll","background-type":"","background-media":"","overlay-type":"","overlay-color":"","overlay-opacity":"","overlay-gradient":""},"tablet":{"background-color":"","background-image":"","background-repeat":"repeat","background-position":"center center","background-size":"auto","background-attachment":"scroll","background-type":"","background-media":"","overlay-type":"","overlay-color":"","overlay-opacity":"","overlay-gradient":""},"mobile":{"background-color":"","background-image":"","background-repeat":"repeat","background-position":"center center","background-size":"auto","background-attachment":"scroll","background-type":"","background-media":"","overlay-type":"","overlay-color":"","overlay-opacity":"","overlay-gradient":""}},"ast-content-background-meta":{"desktop":{"background-color":"var(--ast-global-color-5)","background-image":"","background-repeat":"repeat","background-position":"center center","background-size":"auto","background-attachment":"scroll","background-type":"","background-media":"","overlay-type":"","overlay-color":"","overlay-opacity":"","overlay-gradient":""},"tablet":{"background-color":"var(--ast-global-color-5)","background-image":"","background-repeat":"repeat","background-position":"center center","background-size":"auto","background-attachment":"scroll","background-type":"","background-media":"","overlay-type":"","overlay-color":"","overlay-opacity":"","overlay-gradient":""},"mobile":{"background-color":"var(--ast-global-color-5)","background-image":"","background-repeat":"repeat","background-position":"center center","background-size":"auto","background-attachment":"scroll","background-type":"","background-media":"","overlay-type":"","overlay-color":"","overlay-opacity":"","overlay-gradient":""}},"footnotes":""},"class_list":["post-289","page","type-page","status-publish","hentry"],"_links":{"self":[{"href":"https:\/\/mario-rhode.de\/index.php?rest_route=\/wp\/v2\/pages\/289","targetHints":{"allow":["GET"]}}],"collection":[{"href":"https:\/\/mario-rhode.de\/index.php?rest_route=\/wp\/v2\/pages"}],"about":[{"href":"https:\/\/mario-rhode.de\/index.php?rest_route=\/wp\/v2\/types\/page"}],"author":[{"embeddable":true,"href":"https:\/\/mario-rhode.de\/index.php?rest_route=\/wp\/v2\/users\/1"}],"replies":[{"embeddable":true,"href":"https:\/\/mario-rhode.de\/index.php?rest_route=%2Fwp%2Fv2%2Fcomments&post=289"}],"version-history":[{"count":205,"href":"https:\/\/mario-rhode.de\/index.php?rest_route=\/wp\/v2\/pages\/289\/revisions"}],"predecessor-version":[{"id":1302,"href":"https:\/\/mario-rhode.de\/index.php?rest_route=\/wp\/v2\/pages\/289\/revisions\/1302"}],"wp:attachment":[{"href":"https:\/\/mario-rhode.de\/index.php?rest_route=%2Fwp%2Fv2%2Fmedia&parent=289"}],"curies":[{"name":"wp","href":"https:\/\/api.w.org\/{rel}","templated":true}]}}