{"id":340,"date":"2021-07-19T16:21:46","date_gmt":"2021-07-19T16:21:46","guid":{"rendered":"https:\/\/mario-rhode.de\/?page_id=340"},"modified":"2024-08-27T15:36:35","modified_gmt":"2024-08-27T13:36:35","slug":"ueber-mich","status":"publish","type":"page","link":"https:\/\/mario-rhode.de\/?page_id=340","title":{"rendered":"\u00dcber mich"},"content":{"rendered":"\t\t<div data-elementor-type=\"wp-page\" data-elementor-id=\"340\" class=\"elementor elementor-340\" data-elementor-post-type=\"page\">\n\t\t\t\t\t\t<section class=\"elementor-section elementor-top-section elementor-element elementor-element-32c44e6 elementor-section-boxed elementor-section-height-default elementor-section-height-default\" data-id=\"32c44e6\" data-element_type=\"section\" data-e-type=\"section\">\n\t\t\t\t\t\t<div class=\"elementor-container elementor-column-gap-default\">\n\t\t\t\t\t<div class=\"elementor-column elementor-col-100 elementor-top-column elementor-element elementor-element-7d77cc2\" data-id=\"7d77cc2\" data-element_type=\"column\" data-e-type=\"column\">\n\t\t\t<div class=\"elementor-widget-wrap elementor-element-populated\">\n\t\t\t\t\t\t<div class=\"elementor-element elementor-element-fa3bb16 elementor-widget elementor-widget-spacer\" data-id=\"fa3bb16\" data-element_type=\"widget\" data-e-type=\"widget\" data-widget_type=\"spacer.default\">\n\t\t\t\t<div class=\"elementor-widget-container\">\n\t\t\t\t\t\t\t<div class=\"elementor-spacer\">\n\t\t\t<div class=\"elementor-spacer-inner\"><\/div>\n\t\t<\/div>\n\t\t\t\t\t\t<\/div>\n\t\t\t\t<\/div>\n\t\t\t\t\t<\/div>\n\t\t<\/div>\n\t\t\t\t\t<\/div>\n\t\t<\/section>\n\t\t\t\t<section class=\"elementor-section elementor-top-section elementor-element elementor-element-481e7a5 elementor-section-boxed elementor-section-height-default elementor-section-height-default\" data-id=\"481e7a5\" data-element_type=\"section\" data-e-type=\"section\">\n\t\t\t\t\t\t<div class=\"elementor-container elementor-column-gap-default\">\n\t\t\t\t\t<div class=\"elementor-column elementor-col-100 elementor-top-column elementor-element elementor-element-2567da0\" data-id=\"2567da0\" data-element_type=\"column\" data-e-type=\"column\">\n\t\t\t<div class=\"elementor-widget-wrap elementor-element-populated\">\n\t\t\t\t\t\t<div class=\"elementor-element elementor-element-419a0b3 elementor-widget elementor-widget-heading\" data-id=\"419a0b3\" data-element_type=\"widget\" data-e-type=\"widget\" data-widget_type=\"heading.default\">\n\t\t\t\t<div class=\"elementor-widget-container\">\n\t\t\t\t\t<h2 class=\"elementor-heading-title elementor-size-default\">Hallo... <\/h2>\t\t\t\t<\/div>\n\t\t\t\t<\/div>\n\t\t\t\t<div class=\"elementor-element elementor-element-a4eb0a0 elementor-widget elementor-widget-text-editor\" data-id=\"a4eb0a0\" data-element_type=\"widget\" data-e-type=\"widget\" data-widget_type=\"text-editor.default\">\n\t\t\t\t<div class=\"elementor-widget-container\">\n\t\t\t\t\t\t\t\t\t<p><span style=\"font-style: inherit; font-weight: inherit;\"><img fetchpriority=\"high\" decoding=\"async\" class=\"alignleft wp-image-1228 \" src=\"https:\/\/mario-rhode.de\/wp-content\/uploads\/2024\/08\/20210809-1352_1303-1536x1229-1.jpg\" alt=\"Mario Rhode\" width=\"264\" height=\"211\" srcset=\"https:\/\/mario-rhode.de\/wp-content\/uploads\/2024\/08\/20210809-1352_1303-1536x1229-1.jpg 1536w, https:\/\/mario-rhode.de\/wp-content\/uploads\/2024\/08\/20210809-1352_1303-1536x1229-1-300x240.jpg 300w, https:\/\/mario-rhode.de\/wp-content\/uploads\/2024\/08\/20210809-1352_1303-1536x1229-1-1024x819.jpg 1024w, https:\/\/mario-rhode.de\/wp-content\/uploads\/2024\/08\/20210809-1352_1303-1536x1229-1-768x615.jpg 768w\" sizes=\"(max-width: 264px) 100vw, 264px\" \/><\/span><\/p><p><span style=\"font-style: inherit; font-weight: inherit;\">Ich bin Mario Rhode, Landesvorsitzender der Freien W\u00e4hler Berlin und Bezirksvorsitzender der Freien W\u00e4hler Tempelhof-Sch\u00f6neberg. In meiner politischen Laufbahn setze ich mich leidenschaftlich f\u00fcr eine b\u00fcrgernahe, unabh\u00e4ngige und sachbezogene Politik ein. Als Kandidat im Sch\u00f6neberger Norden (Wahlkreis 1) f\u00fcr das Abgeordnetenhaus, strebe ich danach, die Anliegen der B\u00fcrger in den Mittelpunkt meiner Arbeit zu stellen.<\/span><\/p><p>Meine Vision ist es, Berlin zu einer Stadt zu machen, in der die Menschen im Mittelpunkt stehen. Dazu geh\u00f6rt der Einsatz f\u00fcr gut ausgestattete B\u00fcrger\u00e4mter, die den Service bieten, den die B\u00fcrger verdienen. Bildung ist mir ein besonderes Anliegen, weshalb ich sichere und gesunde Lernumgebungen f\u00fcr unsere Kinder fordere. Im Bereich Wohnungsbau pl\u00e4diere ich f\u00fcr Anreize zur Schaffung neuen Eigentums, jedoch mit sozialer Verantwortung f\u00fcr diejenigen, die kein Eigentum erwerben k\u00f6nnen.<\/p><p>Als Unternehmer und Gastronom verstehe ich die Herausforderungen, denen sich kleine und mittelst\u00e4ndische Unternehmen gegen\u00fcbersehen. Deshalb k\u00e4mpfe ich f\u00fcr den Abbau von B\u00fcrokratie, um kreatives und erfolgreiches Unternehmertum zu f\u00f6rdern. Gleichzeitig ist mir der Schutz der Umwelt und der Tierschutz ein wichtiges Anliegen.<\/p><p>Ich glaube an eine lebensf\u00e4hige Innenstadt, die auch mit dem Auto erreichbar ist, und lehne den ideologischen Kampf gegen den Individualverkehr ab. In der Sicherheitspolitik setze ich mich f\u00fcr eine konsequente Durchsetzung von Recht und Gesetz ein, ohne Toleranz gegen\u00fcber kriminellen Strukturen.<\/p><p>In meiner politischen Arbeit lege ich gro\u00dfen Wert auf den Schutz vor Diskriminierung, Antisemitismus und Homophobie. Ich stehe f\u00fcr eine weltoffene Stadt, die Menschen in Not Schutz bietet, aber auch den Missbrauch von Hilfsleistungen verhindert.<\/p><p>Als Landesvorsitzender der Freien W\u00e4hler Berlin ist es mein Ziel, die Interessen der B\u00fcrger sowohl auf lokaler als auch auf Landesebene zu vertreten. Ich lade Sie ein, sich mit mir f\u00fcr eine lebenswerte und gerechte Stadt einzusetzen. Gemeinsam k\u00f6nnen wir Berlin zu einem besseren Ort f\u00fcr alle machen.<\/p><p>Ihr Mario Rhode<br \/>Landesvorsitzender der Freien W\u00e4hler Berlin<\/p>\t\t\t\t\t\t\t\t<\/div>\n\t\t\t\t<\/div>\n\t\t\t\t<div class=\"elementor-element elementor-element-b8c4605 elementor-widget elementor-widget-spacer\" data-id=\"b8c4605\" data-element_type=\"widget\" data-e-type=\"widget\" data-widget_type=\"spacer.default\">\n\t\t\t\t<div class=\"elementor-widget-container\">\n\t\t\t\t\t\t\t<div class=\"elementor-spacer\">\n\t\t\t<div class=\"elementor-spacer-inner\"><\/div>\n\t\t<\/div>\n\t\t\t\t\t\t<\/div>\n\t\t\t\t<\/div>\n\t\t\t\t\t<\/div>\n\t\t<\/div>\n\t\t\t\t\t<\/div>\n\t\t<\/section>\n\t\t\t\t<\/div>\n\t\t","protected":false},"excerpt":{"rendered":"<p>Hallo&#8230; Ich bin Mario Rhode, Landesvorsitzender der Freien W\u00e4hler Berlin und Bezirksvorsitzender der Freien W\u00e4hler Tempelhof-Sch\u00f6neberg. In meiner politischen Laufbahn setze ich mich leidenschaftlich f\u00fcr eine b\u00fcrgernahe, unabh\u00e4ngige und sachbezogene Politik ein. Als Kandidat im Sch\u00f6neberger Norden (Wahlkreis 1) f\u00fcr das Abgeordnetenhaus, strebe ich danach, die Anliegen der B\u00fcrger in den Mittelpunkt meiner Arbeit zu [&hellip;]<\/p>\n","protected":false},"author":1,"featured_media":0,"parent":0,"menu_order":0,"comment_status":"closed","ping_status":"closed","template":"elementor_header_footer","meta":{"site-sidebar-layout":"no-sidebar","site-content-layout":"page-builder","ast-site-content-layout":"full-width-container","site-content-style":"unboxed","site-sidebar-style":"unboxed","ast-global-header-display":"","ast-banner-title-visibility":"","ast-main-header-display":"","ast-hfb-above-header-display":"","ast-hfb-below-header-display":"","ast-hfb-mobile-header-display":"","site-post-title":"disabled","ast-breadcrumbs-content":"","ast-featured-img":"disabled","footer-sml-layout":"","ast-disable-related-posts":"","theme-transparent-header-meta":"default","adv-header-id-meta":"","stick-header-meta":"","header-above-stick-meta":"","header-main-stick-meta":"","header-below-stick-meta":"","astra-migrate-meta-layouts":"set","ast-page-background-enabled":"default","ast-page-background-meta":{"desktop":{"background-color":"","background-image":"","background-repeat":"repeat","background-position":"center center","background-size":"auto","background-attachment":"scroll","background-type":"","background-media":"","overlay-type":"","overlay-color":"","overlay-opacity":"","overlay-gradient":""},"tablet":{"background-color":"","background-image":"","background-repeat":"repeat","background-position":"center center","background-size":"auto","background-attachment":"scroll","background-type":"","background-media":"","overlay-type":"","overlay-color":"","overlay-opacity":"","overlay-gradient":""},"mobile":{"background-color":"","background-image":"","background-repeat":"repeat","background-position":"center center","background-size":"auto","background-attachment":"scroll","background-type":"","background-media":"","overlay-type":"","overlay-color":"","overlay-opacity":"","overlay-gradient":""}},"ast-content-background-meta":{"desktop":{"background-color":"var(--ast-global-color-5)","background-image":"","background-repeat":"repeat","background-position":"center center","background-size":"auto","background-attachment":"scroll","background-type":"","background-media":"","overlay-type":"","overlay-color":"","overlay-opacity":"","overlay-gradient":""},"tablet":{"background-color":"var(--ast-global-color-5)","background-image":"","background-repeat":"repeat","background-position":"center center","background-size":"auto","background-attachment":"scroll","background-type":"","background-media":"","overlay-type":"","overlay-color":"","overlay-opacity":"","overlay-gradient":""},"mobile":{"background-color":"var(--ast-global-color-5)","background-image":"","background-repeat":"repeat","background-position":"center center","background-size":"auto","background-attachment":"scroll","background-type":"","background-media":"","overlay-type":"","overlay-color":"","overlay-opacity":"","overlay-gradient":""}},"footnotes":""},"class_list":["post-340","page","type-page","status-publish","hentry"],"_links":{"self":[{"href":"https:\/\/mario-rhode.de\/index.php?rest_route=\/wp\/v2\/pages\/340","targetHints":{"allow":["GET"]}}],"collection":[{"href":"https:\/\/mario-rhode.de\/index.php?rest_route=\/wp\/v2\/pages"}],"about":[{"href":"https:\/\/mario-rhode.de\/index.php?rest_route=\/wp\/v2\/types\/page"}],"author":[{"embeddable":true,"href":"https:\/\/mario-rhode.de\/index.php?rest_route=\/wp\/v2\/users\/1"}],"replies":[{"embeddable":true,"href":"https:\/\/mario-rhode.de\/index.php?rest_route=%2Fwp%2Fv2%2Fcomments&post=340"}],"version-history":[{"count":83,"href":"https:\/\/mario-rhode.de\/index.php?rest_route=\/wp\/v2\/pages\/340\/revisions"}],"predecessor-version":[{"id":1357,"href":"https:\/\/mario-rhode.de\/index.php?rest_route=\/wp\/v2\/pages\/340\/revisions\/1357"}],"wp:attachment":[{"href":"https:\/\/mario-rhode.de\/index.php?rest_route=%2Fwp%2Fv2%2Fmedia&parent=340"}],"curies":[{"name":"wp","href":"https:\/\/api.w.org\/{rel}","templated":true}]}}