{"id":342,"date":"2021-07-19T16:22:12","date_gmt":"2021-07-19T16:22:12","guid":{"rendered":"https:\/\/mario-rhode.de\/?page_id=342"},"modified":"2022-10-09T16:28:07","modified_gmt":"2022-10-09T14:28:07","slug":"tempelhof-schoeneberg","status":"publish","type":"page","link":"https:\/\/mario-rhode.de\/?page_id=342","title":{"rendered":"Tempelhof-Sch\u00f6neberg"},"content":{"rendered":"\t\t<div data-elementor-type=\"wp-page\" data-elementor-id=\"342\" class=\"elementor elementor-342\" data-elementor-post-type=\"page\">\n\t\t\t\t\t\t<section class=\"elementor-section elementor-top-section elementor-element elementor-element-83d5d0f elementor-section-boxed elementor-section-height-default elementor-section-height-default\" data-id=\"83d5d0f\" data-element_type=\"section\" data-e-type=\"section\">\n\t\t\t\t\t\t<div class=\"elementor-container elementor-column-gap-default\">\n\t\t\t\t\t<div class=\"elementor-column elementor-col-100 elementor-top-column elementor-element elementor-element-a1cd560\" data-id=\"a1cd560\" data-element_type=\"column\" data-e-type=\"column\">\n\t\t\t<div class=\"elementor-widget-wrap elementor-element-populated\">\n\t\t\t\t\t\t<div class=\"elementor-element elementor-element-1d2a3a7 elementor-widget elementor-widget-spacer\" data-id=\"1d2a3a7\" data-element_type=\"widget\" data-e-type=\"widget\" data-widget_type=\"spacer.default\">\n\t\t\t\t<div class=\"elementor-widget-container\">\n\t\t\t\t\t\t\t<div class=\"elementor-spacer\">\n\t\t\t<div class=\"elementor-spacer-inner\"><\/div>\n\t\t<\/div>\n\t\t\t\t\t\t<\/div>\n\t\t\t\t<\/div>\n\t\t\t\t<div class=\"elementor-element elementor-element-1256e35 elementor-widget elementor-widget-heading\" data-id=\"1256e35\" data-element_type=\"widget\" data-e-type=\"widget\" data-widget_type=\"heading.default\">\n\t\t\t\t<div class=\"elementor-widget-container\">\n\t\t\t\t\t<h2 class=\"elementor-heading-title elementor-size-default\">\u201eFreies Feld f\u00fcr freie B\u00fcrger\u201c<\/h2>\t\t\t\t<\/div>\n\t\t\t\t<\/div>\n\t\t\t\t<div class=\"elementor-element elementor-element-e16cd6f elementor-widget elementor-widget-text-editor\" data-id=\"e16cd6f\" data-element_type=\"widget\" data-e-type=\"widget\" data-widget_type=\"text-editor.default\">\n\t\t\t\t<div class=\"elementor-widget-container\">\n\t\t\t\t\t\t\t\t\t<p>Nicht erst seit diesem Jahr genie\u00dft das Tempelhofer Feld gro\u00dfe Aufmerksamkeit. Es gab schon viele kreative Pl\u00e4ne, die den Wandel der Gr\u00fcnfl\u00e4che zum Ziel hatten: eine Seenlandschaft, eine weitl\u00e4ufige Parkanlage mit Wald, sogar Entdeckerlandschaften. Zurzeit dreht sich die Debatte leider um weniger kreative und recht graue Vorhaben: Wohnungen. CDU und SPD bekunden vorsichtig ihre Sympathien f\u00fcr eine Randbebauung des Feldes. Die FDP startete Ende 2020 sogar ein neues Volksbegehren. Dessen Ziel? \u2013 Bis zu 12.000 neue Wohnungen. Dadurch soll den steigenden Mieten und der Wohnungsknappheit entgegengewirkt werden: \u201eGebaut werden sollen Wohnungen, die von den Menschen tats\u00e4chlich gebraucht w\u00fcrden und bezahlt werden k\u00f6nnen\u201c \u2013 so FDP-Landeschef Christoph Meyer.<br><br>Die Wohnungsknappheit ist ein enormes Problem in Berlin, doch ist der Stadt mit diesem Vorhaben wirklich geholfen? F\u00fcr mehr bezahlbaren Wohnraum werden Wohnungen auf dem Tempelhofer Feld wohl eher nicht sorgen \u2013 und auch nicht f\u00fcr mehr soziale Gerechtigkeit. Wer k\u00f6nnte sich denn die Wohnungen auf einem historischen Flugplatz mit derart hohem Symbolwert, Anschluss an die gr\u00f6\u00dfte Gr\u00fcnfl\u00e4che Berlins und Direktanbindung an S- und U-Bahn leisten? Mit Sicherheit nicht diejenigen, die am dringendsten Wohnraum ben\u00f6tigen. <br><br>Auch der \u00f6kologische Wert des Tempelhofer Felds als \u201eGr\u00fcne Lunge\u201c d\u00fcrfte mittlerweile au\u00dfer Frage stehen. Das macht die j\u00fcngste Studie des Helmholtz-Zentrums f\u00fcr Umweltforschung im Auftrag f\u00fcr die Berliner Senatsverwaltung f\u00fcr Umwelt, Klimaschutz und Verkehr deutlich. Klimaregulation, Luftverbesserung, L\u00e4rmminderung, Artenvielfalt, Versickerungsfl\u00e4che f\u00fcr Regenwasser \u2013 das sind nur einige der \u00f6kologischen Leistungen. Doch die Fl\u00e4che hat auch bedeutende soziale Funktionen, die durch die Studie nur unterstrichen werden: beginnend mit positiven Effekten f\u00fcr psychische und physische Gesundheit. Es ist ein Ort von Bildung, Freizeit, Sport, Kreativit\u00e4t, Zusammenkommen und Kultur \u2013 das ist, was das Feld belebt. Die vielf\u00e4ltigen Aufenthaltsfl\u00e4chen bilden einen inklusiven Ort, an dem die verschiedensten soziokulturellen Gruppen zusammenkommen.<br><br>Ich als Vorsitzender der FREIEN W\u00c4HLER Tempelhof Sch\u00f6neberg, zusammen mit dem Bezirksgesch\u00e4ftsf\u00fchrer Tobias Kuster, stehe daher mit unserem Bezirksverband f\u00fcr den Erhalt des Tempelhofer Felds und pl\u00e4diere gegen jegliche Bebauung. Mehr Bebauung nutzt niemandem, au\u00dfer Investoren. Sie verschlechtert zudem die Umweltbilanz und gleich dazu das Stadtbild. F\u00fcr viele Berliner hat das Tempelhofer Feld einen identit\u00e4tsstiftenden Wert. Diesen wichtigen Erholungs-, Entfaltungs- und R\u00fcckzugsraum gilt es trotz der notwendigen Ver\u00e4nderungen durch Tourismus, Zuzug und Wirtschaftswachstum zu bewahren. Die FREIEN W\u00c4HLER Berlin m\u00f6chten diesen Ort erhalten und f\u00f6rdern. Wenn Sie das auch wollen, werfen sie doch einen Blick in unser Wahlprogramm. Wir finden, dass das Motto, das die Hochbeete im Tempelhofer Feld ziert, auch noch in Zukunft rechtbehalten soll: \u201e2014 retten wir das Feld. 2020 rettet es uns.\u201c<\/p>\n<p><\/p>\t\t\t\t\t\t\t\t<\/div>\n\t\t\t\t<\/div>\n\t\t\t\t<div class=\"elementor-element elementor-element-6781e7a elementor-widget elementor-widget-spacer\" data-id=\"6781e7a\" data-element_type=\"widget\" data-e-type=\"widget\" data-widget_type=\"spacer.default\">\n\t\t\t\t<div class=\"elementor-widget-container\">\n\t\t\t\t\t\t\t<div class=\"elementor-spacer\">\n\t\t\t<div class=\"elementor-spacer-inner\"><\/div>\n\t\t<\/div>\n\t\t\t\t\t\t<\/div>\n\t\t\t\t<\/div>\n\t\t\t\t\t<\/div>\n\t\t<\/div>\n\t\t\t\t\t<\/div>\n\t\t<\/section>\n\t\t\t\t<\/div>\n\t\t","protected":false},"excerpt":{"rendered":"<p>\u201eFreies Feld f\u00fcr freie B\u00fcrger\u201c Nicht erst seit diesem Jahr genie\u00dft das Tempelhofer Feld gro\u00dfe Aufmerksamkeit. Es gab schon viele kreative Pl\u00e4ne, die den Wandel der Gr\u00fcnfl\u00e4che zum Ziel hatten: eine Seenlandschaft, eine weitl\u00e4ufige Parkanlage mit Wald, sogar Entdeckerlandschaften. Zurzeit dreht sich die Debatte leider um weniger kreative und recht graue Vorhaben: Wohnungen. CDU und [&hellip;]<\/p>\n","protected":false},"author":1,"featured_media":0,"parent":0,"menu_order":0,"comment_status":"closed","ping_status":"closed","template":"elementor_header_footer","meta":{"site-sidebar-layout":"no-sidebar","site-content-layout":"page-builder","ast-site-content-layout":"default","site-content-style":"default","site-sidebar-style":"default","ast-global-header-display":"","ast-banner-title-visibility":"","ast-main-header-display":"","ast-hfb-above-header-display":"","ast-hfb-below-header-display":"","ast-hfb-mobile-header-display":"","site-post-title":"disabled","ast-breadcrumbs-content":"","ast-featured-img":"disabled","footer-sml-layout":"","ast-disable-related-posts":"","theme-transparent-header-meta":"default","adv-header-id-meta":"","stick-header-meta":"","header-above-stick-meta":"","header-main-stick-meta":"","header-below-stick-meta":"","astra-migrate-meta-layouts":"default","ast-page-background-enabled":"default","ast-page-background-meta":{"desktop":{"background-color":"","background-image":"","background-repeat":"repeat","background-position":"center center","background-size":"auto","background-attachment":"scroll","background-type":"","background-media":"","overlay-type":"","overlay-color":"","overlay-opacity":"","overlay-gradient":""},"tablet":{"background-color":"","background-image":"","background-repeat":"repeat","background-position":"center center","background-size":"auto","background-attachment":"scroll","background-type":"","background-media":"","overlay-type":"","overlay-color":"","overlay-opacity":"","overlay-gradient":""},"mobile":{"background-color":"","background-image":"","background-repeat":"repeat","background-position":"center center","background-size":"auto","background-attachment":"scroll","background-type":"","background-media":"","overlay-type":"","overlay-color":"","overlay-opacity":"","overlay-gradient":""}},"ast-content-background-meta":{"desktop":{"background-color":"var(--ast-global-color-5)","background-image":"","background-repeat":"repeat","background-position":"center center","background-size":"auto","background-attachment":"scroll","background-type":"","background-media":"","overlay-type":"","overlay-color":"","overlay-opacity":"","overlay-gradient":""},"tablet":{"background-color":"var(--ast-global-color-5)","background-image":"","background-repeat":"repeat","background-position":"center center","background-size":"auto","background-attachment":"scroll","background-type":"","background-media":"","overlay-type":"","overlay-color":"","overlay-opacity":"","overlay-gradient":""},"mobile":{"background-color":"var(--ast-global-color-5)","background-image":"","background-repeat":"repeat","background-position":"center center","background-size":"auto","background-attachment":"scroll","background-type":"","background-media":"","overlay-type":"","overlay-color":"","overlay-opacity":"","overlay-gradient":""}},"footnotes":""},"class_list":["post-342","page","type-page","status-publish","hentry"],"_links":{"self":[{"href":"https:\/\/mario-rhode.de\/index.php?rest_route=\/wp\/v2\/pages\/342","targetHints":{"allow":["GET"]}}],"collection":[{"href":"https:\/\/mario-rhode.de\/index.php?rest_route=\/wp\/v2\/pages"}],"about":[{"href":"https:\/\/mario-rhode.de\/index.php?rest_route=\/wp\/v2\/types\/page"}],"author":[{"embeddable":true,"href":"https:\/\/mario-rhode.de\/index.php?rest_route=\/wp\/v2\/users\/1"}],"replies":[{"embeddable":true,"href":"https:\/\/mario-rhode.de\/index.php?rest_route=%2Fwp%2Fv2%2Fcomments&post=342"}],"version-history":[{"count":16,"href":"https:\/\/mario-rhode.de\/index.php?rest_route=\/wp\/v2\/pages\/342\/revisions"}],"predecessor-version":[{"id":1079,"href":"https:\/\/mario-rhode.de\/index.php?rest_route=\/wp\/v2\/pages\/342\/revisions\/1079"}],"wp:attachment":[{"href":"https:\/\/mario-rhode.de\/index.php?rest_route=%2Fwp%2Fv2%2Fmedia&parent=342"}],"curies":[{"name":"wp","href":"https:\/\/api.w.org\/{rel}","templated":true}]}}