{"id":344,"date":"2021-07-19T16:22:36","date_gmt":"2021-07-19T16:22:36","guid":{"rendered":"https:\/\/mario-rhode.de\/?page_id=344"},"modified":"2024-08-27T15:15:05","modified_gmt":"2024-08-27T13:15:05","slug":"mein-wahlkreis","status":"publish","type":"page","link":"https:\/\/mario-rhode.de\/?page_id=344","title":{"rendered":"Mein Wahlkreis"},"content":{"rendered":"\t\t<div data-elementor-type=\"wp-page\" data-elementor-id=\"344\" class=\"elementor elementor-344\" data-elementor-post-type=\"page\">\n\t\t\t\t\t\t<section class=\"elementor-section elementor-top-section elementor-element elementor-element-d3134f9 elementor-section-boxed elementor-section-height-default elementor-section-height-default\" data-id=\"d3134f9\" data-element_type=\"section\" data-e-type=\"section\">\n\t\t\t\t\t\t<div class=\"elementor-container elementor-column-gap-default\">\n\t\t\t\t\t<div class=\"elementor-column elementor-col-100 elementor-top-column elementor-element elementor-element-1a91443\" data-id=\"1a91443\" data-element_type=\"column\" data-e-type=\"column\">\n\t\t\t<div class=\"elementor-widget-wrap elementor-element-populated\">\n\t\t\t\t\t\t<div class=\"elementor-element elementor-element-665d615 elementor-widget elementor-widget-spacer\" data-id=\"665d615\" data-element_type=\"widget\" data-e-type=\"widget\" data-widget_type=\"spacer.default\">\n\t\t\t\t<div class=\"elementor-widget-container\">\n\t\t\t\t\t\t\t<div class=\"elementor-spacer\">\n\t\t\t<div class=\"elementor-spacer-inner\"><\/div>\n\t\t<\/div>\n\t\t\t\t\t\t<\/div>\n\t\t\t\t<\/div>\n\t\t\t\t<div class=\"elementor-element elementor-element-7a6f760 elementor-widget elementor-widget-heading\" data-id=\"7a6f760\" data-element_type=\"widget\" data-e-type=\"widget\" data-widget_type=\"heading.default\">\n\t\t\t\t<div class=\"elementor-widget-container\">\n\t\t\t\t\t<h2 class=\"elementor-heading-title elementor-size-default\">Mein Wahlkreis Sch\u00f6neberg-Nord...<\/h2>\t\t\t\t<\/div>\n\t\t\t\t<\/div>\n\t\t\t\t<section class=\"elementor-section elementor-inner-section elementor-element elementor-element-e8b901e elementor-section-boxed elementor-section-height-default elementor-section-height-default\" data-id=\"e8b901e\" data-element_type=\"section\" data-e-type=\"section\">\n\t\t\t\t\t\t<div class=\"elementor-container elementor-column-gap-default\">\n\t\t\t\t\t<div class=\"elementor-column elementor-col-50 elementor-inner-column elementor-element elementor-element-ae6d067\" data-id=\"ae6d067\" data-element_type=\"column\" data-e-type=\"column\">\n\t\t\t<div class=\"elementor-widget-wrap elementor-element-populated\">\n\t\t\t\t\t\t<div class=\"elementor-element elementor-element-b7dbd6a elementor-widget elementor-widget-image\" data-id=\"b7dbd6a\" data-element_type=\"widget\" data-e-type=\"widget\" data-widget_type=\"image.default\">\n\t\t\t\t<div class=\"elementor-widget-container\">\n\t\t\t\t\t\t\t\t\t\t\t\t\t\t\t<img fetchpriority=\"high\" decoding=\"async\" width=\"291\" height=\"313\" src=\"https:\/\/mario-rhode.de\/wp-content\/uploads\/2021\/08\/225483659_3877758002335725_7733699022703457531_n1.jpg\" class=\"attachment-large size-large wp-image-443\" alt=\"\" srcset=\"https:\/\/mario-rhode.de\/wp-content\/uploads\/2021\/08\/225483659_3877758002335725_7733699022703457531_n1.jpg 291w, https:\/\/mario-rhode.de\/wp-content\/uploads\/2021\/08\/225483659_3877758002335725_7733699022703457531_n1-279x300.jpg 279w\" sizes=\"(max-width: 291px) 100vw, 291px\" \/>\t\t\t\t\t\t\t\t\t\t\t\t\t\t\t<\/div>\n\t\t\t\t<\/div>\n\t\t\t\t\t<\/div>\n\t\t<\/div>\n\t\t\t\t<div class=\"elementor-column elementor-col-50 elementor-inner-column elementor-element elementor-element-4cadd01\" data-id=\"4cadd01\" data-element_type=\"column\" data-e-type=\"column\">\n\t\t\t<div class=\"elementor-widget-wrap elementor-element-populated\">\n\t\t\t\t\t\t<div class=\"elementor-element elementor-element-b10e28f elementor-widget elementor-widget-text-editor\" data-id=\"b10e28f\" data-element_type=\"widget\" data-e-type=\"widget\" data-widget_type=\"text-editor.default\">\n\t\t\t\t<div class=\"elementor-widget-container\">\n\t\t\t\t\t\t\t\t\t<p>Im Regenbogenkiez in meinem Wahlkreis Sch\u00f6neberg Nord &#8220; Statt Fortschritt gibt es R\u00fcckschritt ! Die Beschaffungskriminalit\u00e4t w\u00e4chst und die Homophobie hat drastisch zugenommen. Man muss wieder auch Abends und in Dunkelheit angstfrei unterwegs sein k\u00f6nnen.<br \/><span style=\"font-style: inherit; font-weight: inherit;\"><br \/>Wenn sich nichts \u00e4ndert wird unser weltbekannter Regenbogenkiez in den n\u00e4chsten Jahren nicht mehr existieren. <\/span><span style=\"font-style: inherit; font-weight: inherit;\">Es soll bunt und schillernd sein, aber vor allem friedlich. <\/span><span style=\"font-style: inherit; font-weight: inherit;\">Immer kurz vor den Wahlen lassen sich so einige Politiker sehen und erinnern sich daran, dass es den Regenbogenkiez noch gibt.<\/span><\/p><p>Es reicht aber nicht, wenn die Gr\u00fcnen kurz mit der Regenbogen Fahne winken und es reicht auch nicht wenn Frau Giffey oder Herr Michael M\u00fcller sich f\u00fcr 5 Minuten sehen lassen und freundlich in die Kamera l\u00e4cheln. <br \/>Es reicht auch nicht, wenn der jetzige Bezirksb\u00fcrgermeister J\u00f6rn Oltmann ein Nachtw\u00e4chter Projekt f\u00f6rdert und glaubt, damit ist alles gut. Es ist ein Hohn wenn er\u00a0 behauptet, der Regenbogenkiez sein kein Brennpunkt der Kriminalit\u00e4t mehr.<br \/>Ihm als B\u00fcrgermeister m\u00fcssten alle Anzeigen und Straftaten bekannt sein. Ich fordere mehr Polizeipr\u00e4senz und eine mobile Wache.\u00a0<br \/>Hier gibt es mehr zu tun f\u00fcr ein friedliches harmonisches und vor allem sicheres zusammenleben im Kietz. Hier ist die Politik gefragt und gefordert Ich als Wahlkreis Kandidat der Freien W\u00e4hler Sch\u00f6neberg Nord fordere daher eine mobile Polizeistation im Kietz. Au\u00dfer dem mehr Polizeipr\u00e4senz.<\/p><p>Die Lage der Sicherheit muss ganz oben auf der Agenda stehen. <br \/>Auch gegen Diskriminierung muss h\u00e4rter vorgegangen werden. <br \/>Die Freien W\u00e4hler Berlin werden daf\u00fcr k\u00e4mpfen, dass der Regenbogenkiez wieder sicherer wird.<br \/>Ein wichtiges Thema ist auch die innere Sicherheit und das Thema Migration.<\/p><p>Ihr Mario Rhode<\/p>\t\t\t\t\t\t\t\t<\/div>\n\t\t\t\t<\/div>\n\t\t\t\t\t<\/div>\n\t\t<\/div>\n\t\t\t\t\t<\/div>\n\t\t<\/section>\n\t\t\t\t<div class=\"elementor-element elementor-element-48e746f elementor-widget elementor-widget-spacer\" data-id=\"48e746f\" data-element_type=\"widget\" data-e-type=\"widget\" data-widget_type=\"spacer.default\">\n\t\t\t\t<div class=\"elementor-widget-container\">\n\t\t\t\t\t\t\t<div class=\"elementor-spacer\">\n\t\t\t<div class=\"elementor-spacer-inner\"><\/div>\n\t\t<\/div>\n\t\t\t\t\t\t<\/div>\n\t\t\t\t<\/div>\n\t\t\t\t\t<\/div>\n\t\t<\/div>\n\t\t\t\t\t<\/div>\n\t\t<\/section>\n\t\t\t\t<\/div>\n\t\t","protected":false},"excerpt":{"rendered":"<p>Mein Wahlkreis Sch\u00f6neberg-Nord&#8230; Im Regenbogenkiez in meinem Wahlkreis Sch\u00f6neberg Nord &#8220; Statt Fortschritt gibt es R\u00fcckschritt ! Die Beschaffungskriminalit\u00e4t w\u00e4chst und die Homophobie hat drastisch zugenommen. Man muss wieder auch Abends und in Dunkelheit angstfrei unterwegs sein k\u00f6nnen. Wenn sich nichts \u00e4ndert wird unser weltbekannter Regenbogenkiez in den n\u00e4chsten Jahren nicht mehr existieren. Es soll [&hellip;]<\/p>\n","protected":false},"author":1,"featured_media":0,"parent":0,"menu_order":0,"comment_status":"closed","ping_status":"closed","template":"elementor_header_footer","meta":{"site-sidebar-layout":"no-sidebar","site-content-layout":"page-builder","ast-site-content-layout":"full-width-container","site-content-style":"unboxed","site-sidebar-style":"unboxed","ast-global-header-display":"","ast-banner-title-visibility":"","ast-main-header-display":"","ast-hfb-above-header-display":"","ast-hfb-below-header-display":"","ast-hfb-mobile-header-display":"","site-post-title":"disabled","ast-breadcrumbs-content":"","ast-featured-img":"disabled","footer-sml-layout":"","ast-disable-related-posts":"","theme-transparent-header-meta":"default","adv-header-id-meta":"","stick-header-meta":"default","header-above-stick-meta":"","header-main-stick-meta":"","header-below-stick-meta":"","astra-migrate-meta-layouts":"set","ast-page-background-enabled":"default","ast-page-background-meta":{"desktop":{"background-color":"","background-image":"","background-repeat":"repeat","background-position":"center center","background-size":"auto","background-attachment":"scroll","background-type":"","background-media":"","overlay-type":"","overlay-color":"","overlay-opacity":"","overlay-gradient":""},"tablet":{"background-color":"","background-image":"","background-repeat":"repeat","background-position":"center center","background-size":"auto","background-attachment":"scroll","background-type":"","background-media":"","overlay-type":"","overlay-color":"","overlay-opacity":"","overlay-gradient":""},"mobile":{"background-color":"","background-image":"","background-repeat":"repeat","background-position":"center center","background-size":"auto","background-attachment":"scroll","background-type":"","background-media":"","overlay-type":"","overlay-color":"","overlay-opacity":"","overlay-gradient":""}},"ast-content-background-meta":{"desktop":{"background-color":"var(--ast-global-color-5)","background-image":"","background-repeat":"repeat","background-position":"center center","background-size":"auto","background-attachment":"scroll","background-type":"","background-media":"","overlay-type":"","overlay-color":"","overlay-opacity":"","overlay-gradient":""},"tablet":{"background-color":"var(--ast-global-color-5)","background-image":"","background-repeat":"repeat","background-position":"center center","background-size":"auto","background-attachment":"scroll","background-type":"","background-media":"","overlay-type":"","overlay-color":"","overlay-opacity":"","overlay-gradient":""},"mobile":{"background-color":"var(--ast-global-color-5)","background-image":"","background-repeat":"repeat","background-position":"center center","background-size":"auto","background-attachment":"scroll","background-type":"","background-media":"","overlay-type":"","overlay-color":"","overlay-opacity":"","overlay-gradient":""}},"footnotes":""},"class_list":["post-344","page","type-page","status-publish","hentry"],"_links":{"self":[{"href":"https:\/\/mario-rhode.de\/index.php?rest_route=\/wp\/v2\/pages\/344","targetHints":{"allow":["GET"]}}],"collection":[{"href":"https:\/\/mario-rhode.de\/index.php?rest_route=\/wp\/v2\/pages"}],"about":[{"href":"https:\/\/mario-rhode.de\/index.php?rest_route=\/wp\/v2\/types\/page"}],"author":[{"embeddable":true,"href":"https:\/\/mario-rhode.de\/index.php?rest_route=\/wp\/v2\/users\/1"}],"replies":[{"embeddable":true,"href":"https:\/\/mario-rhode.de\/index.php?rest_route=%2Fwp%2Fv2%2Fcomments&post=344"}],"version-history":[{"count":59,"href":"https:\/\/mario-rhode.de\/index.php?rest_route=\/wp\/v2\/pages\/344\/revisions"}],"predecessor-version":[{"id":1334,"href":"https:\/\/mario-rhode.de\/index.php?rest_route=\/wp\/v2\/pages\/344\/revisions\/1334"}],"wp:attachment":[{"href":"https:\/\/mario-rhode.de\/index.php?rest_route=%2Fwp%2Fv2%2Fmedia&parent=344"}],"curies":[{"name":"wp","href":"https:\/\/api.w.org\/{rel}","templated":true}]}}