{"id":355,"date":"2021-07-19T16:30:15","date_gmt":"2021-07-19T16:30:15","guid":{"rendered":"https:\/\/mario-rhode.de\/?page_id=355"},"modified":"2024-08-27T15:21:57","modified_gmt":"2024-08-27T13:21:57","slug":"wer-sind-wir","status":"publish","type":"page","link":"https:\/\/mario-rhode.de\/?page_id=355","title":{"rendered":"Wer sind wir"},"content":{"rendered":"\t\t<div data-elementor-type=\"wp-page\" data-elementor-id=\"355\" class=\"elementor elementor-355\" data-elementor-post-type=\"page\">\n\t\t\t\t\t\t<section class=\"elementor-section elementor-top-section elementor-element elementor-element-4a4b2cd elementor-section-boxed elementor-section-height-default elementor-section-height-default\" data-id=\"4a4b2cd\" data-element_type=\"section\" data-e-type=\"section\">\n\t\t\t\t\t\t<div class=\"elementor-container elementor-column-gap-default\">\n\t\t\t\t\t<div class=\"elementor-column elementor-col-100 elementor-top-column elementor-element elementor-element-34f9186\" data-id=\"34f9186\" data-element_type=\"column\" data-e-type=\"column\">\n\t\t\t<div class=\"elementor-widget-wrap elementor-element-populated\">\n\t\t\t\t\t\t<div class=\"elementor-element elementor-element-a1cb47b elementor-widget elementor-widget-spacer\" data-id=\"a1cb47b\" data-element_type=\"widget\" data-e-type=\"widget\" data-widget_type=\"spacer.default\">\n\t\t\t\t<div class=\"elementor-widget-container\">\n\t\t\t\t\t\t\t<div class=\"elementor-spacer\">\n\t\t\t<div class=\"elementor-spacer-inner\"><\/div>\n\t\t<\/div>\n\t\t\t\t\t\t<\/div>\n\t\t\t\t<\/div>\n\t\t\t\t\t<\/div>\n\t\t<\/div>\n\t\t\t\t\t<\/div>\n\t\t<\/section>\n\t\t\t\t<section class=\"elementor-section elementor-top-section elementor-element elementor-element-61bc892 elementor-section-boxed elementor-section-height-default elementor-section-height-default\" data-id=\"61bc892\" data-element_type=\"section\" data-e-type=\"section\">\n\t\t\t\t\t\t<div class=\"elementor-container elementor-column-gap-default\">\n\t\t\t\t\t<div class=\"elementor-column elementor-col-100 elementor-top-column elementor-element elementor-element-cb233ea\" data-id=\"cb233ea\" data-element_type=\"column\" data-e-type=\"column\">\n\t\t\t<div class=\"elementor-widget-wrap elementor-element-populated\">\n\t\t\t\t\t\t<div class=\"elementor-element elementor-element-42844e0 elementor-widget elementor-widget-heading\" data-id=\"42844e0\" data-element_type=\"widget\" data-e-type=\"widget\" data-widget_type=\"heading.default\">\n\t\t\t\t<div class=\"elementor-widget-container\">\n\t\t\t\t\t<h2 class=\"elementor-heading-title elementor-size-default\">Wer sind wir...<\/h2>\t\t\t\t<\/div>\n\t\t\t\t<\/div>\n\t\t\t\t<div class=\"elementor-element elementor-element-b22e960 elementor-widget elementor-widget-text-editor\" data-id=\"b22e960\" data-element_type=\"widget\" data-e-type=\"widget\" data-widget_type=\"text-editor.default\">\n\t\t\t\t<div class=\"elementor-widget-container\">\n\t\t\t\t\t\t\t\t\t<p>Am 28. November 2020 wurde die Bezirksvereinigung der FREIEN W\u00c4HLER Tempelhof-Sch\u00f6neberg gegr\u00fcndet. Die 11 Gr\u00fcndungsmitglieder unterzeichneten in Anwesenheit des Landesvorsitzenden Tobias Bauer die neue Satzung. Als Bezirksvorsitzender wurde der Unternehmer Mario Rhode gew\u00e4hlt, seine 2. Stellvertreterin&nbsp; ist&nbsp; Evelyn Plogmeier und Bezirksschatzmeisterin Katleen Kirsch. Als Ziel gab Mario Rhode den Einzug in die Bezirksverordnetenversammlung an. \u201eWir wollen wieder b\u00fcrgernahe und sachorientierte Politik nach Tempelhof-Sch\u00f6neberg bringen. Dazu werden wir die Themen besetzen, die den Menschen hier wirklich auf den N\u00e4geln brennen\u201c, so Rhode.<\/p>\n<p><span style=\"font-style: inherit; font-weight: inherit;\">Die 3%-H\u00fcrde der BVV soll mit Hilfe ideologiefreier Politik genommen werden. Der n\u00e4chste Schritt wird nun direkt in den Wahlkampf f\u00fchren. Mario Rhode dazu: \u201eDie b\u00fcrgernahe Politik im Bezirk, mit und durch die B\u00fcrger, hat Vorrang.\u201c Und weiter: \u201eWir wollen dem B\u00fcrger wieder eine Stimme geben. Deshalb lautet unser Motto: Im Kiez zu Hause!\u201c<\/span><br><\/p>\t\t\t\t\t\t\t\t<\/div>\n\t\t\t\t<\/div>\n\t\t\t\t<div class=\"elementor-element elementor-element-8876264 elementor-widget elementor-widget-spacer\" data-id=\"8876264\" data-element_type=\"widget\" data-e-type=\"widget\" data-widget_type=\"spacer.default\">\n\t\t\t\t<div class=\"elementor-widget-container\">\n\t\t\t\t\t\t\t<div class=\"elementor-spacer\">\n\t\t\t<div class=\"elementor-spacer-inner\"><\/div>\n\t\t<\/div>\n\t\t\t\t\t\t<\/div>\n\t\t\t\t<\/div>\n\t\t\t\t\t<\/div>\n\t\t<\/div>\n\t\t\t\t\t<\/div>\n\t\t<\/section>\n\t\t\t\t<section class=\"elementor-section elementor-top-section elementor-element elementor-element-eb06dab elementor-section-boxed elementor-section-height-default elementor-section-height-default\" data-id=\"eb06dab\" data-element_type=\"section\" data-e-type=\"section\">\n\t\t\t\t\t\t<div class=\"elementor-container elementor-column-gap-default\">\n\t\t\t\t\t<div class=\"elementor-column elementor-col-33 elementor-top-column elementor-element elementor-element-358ac24\" data-id=\"358ac24\" data-element_type=\"column\" data-e-type=\"column\">\n\t\t\t<div class=\"elementor-widget-wrap elementor-element-populated\">\n\t\t\t\t\t\t<div class=\"elementor-element elementor-element-ed0248c elementor-position-top elementor-widget elementor-widget-image-box\" data-id=\"ed0248c\" data-element_type=\"widget\" data-e-type=\"widget\" data-widget_type=\"image-box.default\">\n\t\t\t\t<div class=\"elementor-widget-container\">\n\t\t\t\t\t<div class=\"elementor-image-box-wrapper\"><figure class=\"elementor-image-box-img\"><img fetchpriority=\"high\" decoding=\"async\" width=\"400\" height=\"314\" src=\"https:\/\/mario-rhode.de\/wp-content\/uploads\/2021\/08\/MR-WK21-FS-MFS-5821-1-F-1.jpg\" class=\"attachment-2048x2048 size-2048x2048 wp-image-626\" alt=\"\" srcset=\"https:\/\/mario-rhode.de\/wp-content\/uploads\/2021\/08\/MR-WK21-FS-MFS-5821-1-F-1.jpg 400w, https:\/\/mario-rhode.de\/wp-content\/uploads\/2021\/08\/MR-WK21-FS-MFS-5821-1-F-1-300x236.jpg 300w\" sizes=\"(max-width: 400px) 100vw, 400px\" \/><\/figure><div class=\"elementor-image-box-content\"><h3 class=\"elementor-image-box-title\">Mario Rhode<\/h3><p class=\"elementor-image-box-description\">Vorsitzender <br>\nTempelhof-Sch\u00f6neberg<\/p><\/div><\/div>\t\t\t\t<\/div>\n\t\t\t\t<\/div>\n\t\t\t\t\t<\/div>\n\t\t<\/div>\n\t\t\t\t<div class=\"elementor-column elementor-col-33 elementor-top-column elementor-element elementor-element-f10ab45\" data-id=\"f10ab45\" data-element_type=\"column\" data-e-type=\"column\">\n\t\t\t<div class=\"elementor-widget-wrap elementor-element-populated\">\n\t\t\t\t\t\t<div class=\"elementor-element elementor-element-1b5423e elementor-position-top elementor-widget elementor-widget-image-box\" data-id=\"1b5423e\" data-element_type=\"widget\" data-e-type=\"widget\" data-widget_type=\"image-box.default\">\n\t\t\t\t<div class=\"elementor-widget-container\">\n\t\t\t\t\t<div class=\"elementor-image-box-wrapper\"><figure class=\"elementor-image-box-img\"><img decoding=\"async\" width=\"400\" height=\"250\" src=\"https:\/\/mario-rhode.de\/wp-content\/uploads\/2022\/12\/EvelynPlogmeier_400x250px.jpg\" class=\"attachment-2048x2048 size-2048x2048 wp-image-1158\" alt=\"\" srcset=\"https:\/\/mario-rhode.de\/wp-content\/uploads\/2022\/12\/EvelynPlogmeier_400x250px.jpg 400w, https:\/\/mario-rhode.de\/wp-content\/uploads\/2022\/12\/EvelynPlogmeier_400x250px-300x188.jpg 300w\" sizes=\"(max-width: 400px) 100vw, 400px\" \/><\/figure><div class=\"elementor-image-box-content\"><h3 class=\"elementor-image-box-title\">Evelyn Plogmeier<\/h3><p class=\"elementor-image-box-description\">2. stellv. Vorsitzende <br>\nTempelhof-Sch\u00f6neberg<\/p><\/div><\/div>\t\t\t\t<\/div>\n\t\t\t\t<\/div>\n\t\t\t\t\t<\/div>\n\t\t<\/div>\n\t\t\t\t<div class=\"elementor-column elementor-col-33 elementor-top-column elementor-element elementor-element-7d7b7f7\" data-id=\"7d7b7f7\" data-element_type=\"column\" data-e-type=\"column\">\n\t\t\t<div class=\"elementor-widget-wrap elementor-element-populated\">\n\t\t\t\t\t\t<div class=\"elementor-element elementor-element-54d7969 elementor-position-top elementor-widget elementor-widget-image-box\" data-id=\"54d7969\" data-element_type=\"widget\" data-e-type=\"widget\" data-widget_type=\"image-box.default\">\n\t\t\t\t<div class=\"elementor-widget-container\">\n\t\t\t\t\t<div class=\"elementor-image-box-wrapper\"><figure class=\"elementor-image-box-img\"><img decoding=\"async\" width=\"1920\" height=\"1920\" src=\"https:\/\/mario-rhode.de\/wp-content\/uploads\/2021\/08\/182628919_1964460407063227_3235035071911443453_n.jpg\" class=\"attachment-2048x2048 size-2048x2048 wp-image-445\" alt=\"\" srcset=\"https:\/\/mario-rhode.de\/wp-content\/uploads\/2021\/08\/182628919_1964460407063227_3235035071911443453_n.jpg 1920w, https:\/\/mario-rhode.de\/wp-content\/uploads\/2021\/08\/182628919_1964460407063227_3235035071911443453_n-300x300.jpg 300w, https:\/\/mario-rhode.de\/wp-content\/uploads\/2021\/08\/182628919_1964460407063227_3235035071911443453_n-1024x1024.jpg 1024w, https:\/\/mario-rhode.de\/wp-content\/uploads\/2021\/08\/182628919_1964460407063227_3235035071911443453_n-150x150.jpg 150w, https:\/\/mario-rhode.de\/wp-content\/uploads\/2021\/08\/182628919_1964460407063227_3235035071911443453_n-768x768.jpg 768w, https:\/\/mario-rhode.de\/wp-content\/uploads\/2021\/08\/182628919_1964460407063227_3235035071911443453_n-1536x1536.jpg 1536w\" sizes=\"(max-width: 1920px) 100vw, 1920px\" \/><\/figure><div class=\"elementor-image-box-content\"><h3 class=\"elementor-image-box-title\">Katleen Kirsch<\/h3><p class=\"elementor-image-box-description\">Bezirksschatzmeisterin <br>\nTempelhof-Sch\u00f6neberg<\/p><\/div><\/div>\t\t\t\t<\/div>\n\t\t\t\t<\/div>\n\t\t\t\t\t<\/div>\n\t\t<\/div>\n\t\t\t\t\t<\/div>\n\t\t<\/section>\n\t\t\t\t<section class=\"elementor-section elementor-top-section elementor-element elementor-element-ffb60d4 elementor-section-boxed elementor-section-height-default elementor-section-height-default\" data-id=\"ffb60d4\" data-element_type=\"section\" data-e-type=\"section\">\n\t\t\t\t\t\t<div class=\"elementor-container elementor-column-gap-default\">\n\t\t\t\t\t<div class=\"elementor-column elementor-col-100 elementor-top-column elementor-element elementor-element-63e723e\" data-id=\"63e723e\" data-element_type=\"column\" data-e-type=\"column\">\n\t\t\t<div class=\"elementor-widget-wrap elementor-element-populated\">\n\t\t\t\t\t\t<div class=\"elementor-element elementor-element-e40b6b8 elementor-widget elementor-widget-spacer\" data-id=\"e40b6b8\" data-element_type=\"widget\" data-e-type=\"widget\" data-widget_type=\"spacer.default\">\n\t\t\t\t<div class=\"elementor-widget-container\">\n\t\t\t\t\t\t\t<div class=\"elementor-spacer\">\n\t\t\t<div class=\"elementor-spacer-inner\"><\/div>\n\t\t<\/div>\n\t\t\t\t\t\t<\/div>\n\t\t\t\t<\/div>\n\t\t\t\t\t<\/div>\n\t\t<\/div>\n\t\t\t\t\t<\/div>\n\t\t<\/section>\n\t\t\t\t<\/div>\n\t\t","protected":false},"excerpt":{"rendered":"<p>Wer sind wir&#8230; Am 28. November 2020 wurde die Bezirksvereinigung der FREIEN W\u00c4HLER Tempelhof-Sch\u00f6neberg gegr\u00fcndet. Die 11 Gr\u00fcndungsmitglieder unterzeichneten in Anwesenheit des Landesvorsitzenden Tobias Bauer die neue Satzung. Als Bezirksvorsitzender wurde der Unternehmer Mario Rhode gew\u00e4hlt, seine 2. Stellvertreterin&nbsp; ist&nbsp; Evelyn Plogmeier und Bezirksschatzmeisterin Katleen Kirsch. Als Ziel gab Mario Rhode den Einzug in die [&hellip;]<\/p>\n","protected":false},"author":1,"featured_media":0,"parent":0,"menu_order":0,"comment_status":"closed","ping_status":"closed","template":"elementor_header_footer","meta":{"site-sidebar-layout":"no-sidebar","site-content-layout":"page-builder","ast-site-content-layout":"full-width-container","site-content-style":"unboxed","site-sidebar-style":"unboxed","ast-global-header-display":"","ast-banner-title-visibility":"","ast-main-header-display":"","ast-hfb-above-header-display":"","ast-hfb-below-header-display":"","ast-hfb-mobile-header-display":"","site-post-title":"disabled","ast-breadcrumbs-content":"","ast-featured-img":"disabled","footer-sml-layout":"","ast-disable-related-posts":"","theme-transparent-header-meta":"default","adv-header-id-meta":"","stick-header-meta":"","header-above-stick-meta":"","header-main-stick-meta":"","header-below-stick-meta":"","astra-migrate-meta-layouts":"set","ast-page-background-enabled":"default","ast-page-background-meta":{"desktop":{"background-color":"","background-image":"","background-repeat":"repeat","background-position":"center center","background-size":"auto","background-attachment":"scroll","background-type":"","background-media":"","overlay-type":"","overlay-color":"","overlay-opacity":"","overlay-gradient":""},"tablet":{"background-color":"","background-image":"","background-repeat":"repeat","background-position":"center center","background-size":"auto","background-attachment":"scroll","background-type":"","background-media":"","overlay-type":"","overlay-color":"","overlay-opacity":"","overlay-gradient":""},"mobile":{"background-color":"","background-image":"","background-repeat":"repeat","background-position":"center center","background-size":"auto","background-attachment":"scroll","background-type":"","background-media":"","overlay-type":"","overlay-color":"","overlay-opacity":"","overlay-gradient":""}},"ast-content-background-meta":{"desktop":{"background-color":"var(--ast-global-color-5)","background-image":"","background-repeat":"repeat","background-position":"center center","background-size":"auto","background-attachment":"scroll","background-type":"","background-media":"","overlay-type":"","overlay-color":"","overlay-opacity":"","overlay-gradient":""},"tablet":{"background-color":"var(--ast-global-color-5)","background-image":"","background-repeat":"repeat","background-position":"center center","background-size":"auto","background-attachment":"scroll","background-type":"","background-media":"","overlay-type":"","overlay-color":"","overlay-opacity":"","overlay-gradient":""},"mobile":{"background-color":"var(--ast-global-color-5)","background-image":"","background-repeat":"repeat","background-position":"center center","background-size":"auto","background-attachment":"scroll","background-type":"","background-media":"","overlay-type":"","overlay-color":"","overlay-opacity":"","overlay-gradient":""}},"footnotes":""},"class_list":["post-355","page","type-page","status-publish","hentry"],"_links":{"self":[{"href":"https:\/\/mario-rhode.de\/index.php?rest_route=\/wp\/v2\/pages\/355","targetHints":{"allow":["GET"]}}],"collection":[{"href":"https:\/\/mario-rhode.de\/index.php?rest_route=\/wp\/v2\/pages"}],"about":[{"href":"https:\/\/mario-rhode.de\/index.php?rest_route=\/wp\/v2\/types\/page"}],"author":[{"embeddable":true,"href":"https:\/\/mario-rhode.de\/index.php?rest_route=\/wp\/v2\/users\/1"}],"replies":[{"embeddable":true,"href":"https:\/\/mario-rhode.de\/index.php?rest_route=%2Fwp%2Fv2%2Fcomments&post=355"}],"version-history":[{"count":56,"href":"https:\/\/mario-rhode.de\/index.php?rest_route=\/wp\/v2\/pages\/355\/revisions"}],"predecessor-version":[{"id":1340,"href":"https:\/\/mario-rhode.de\/index.php?rest_route=\/wp\/v2\/pages\/355\/revisions\/1340"}],"wp:attachment":[{"href":"https:\/\/mario-rhode.de\/index.php?rest_route=%2Fwp%2Fv2%2Fmedia&parent=355"}],"curies":[{"name":"wp","href":"https:\/\/api.w.org\/{rel}","templated":true}]}}