{"id":357,"date":"2021-07-19T16:31:46","date_gmt":"2021-07-19T16:31:46","guid":{"rendered":"https:\/\/mario-rhode.de\/?page_id=357"},"modified":"2024-08-27T13:46:34","modified_gmt":"2024-08-27T11:46:34","slug":"wahlprogramm","status":"publish","type":"page","link":"https:\/\/mario-rhode.de\/?page_id=357","title":{"rendered":"Wahlprogramm"},"content":{"rendered":"\t\t<div data-elementor-type=\"wp-page\" data-elementor-id=\"357\" class=\"elementor elementor-357\" data-elementor-post-type=\"page\">\n\t\t\t\t\t\t<section class=\"elementor-section elementor-top-section elementor-element elementor-element-23ec541 elementor-section-boxed elementor-section-height-default elementor-section-height-default\" data-id=\"23ec541\" data-element_type=\"section\" data-e-type=\"section\">\n\t\t\t\t\t\t<div class=\"elementor-container elementor-column-gap-default\">\n\t\t\t\t\t<div class=\"elementor-column elementor-col-100 elementor-top-column elementor-element elementor-element-652a739\" data-id=\"652a739\" data-element_type=\"column\" data-e-type=\"column\">\n\t\t\t<div class=\"elementor-widget-wrap elementor-element-populated\">\n\t\t\t\t\t\t<div class=\"elementor-element elementor-element-be7d3ea elementor-widget elementor-widget-spacer\" data-id=\"be7d3ea\" data-element_type=\"widget\" data-e-type=\"widget\" data-widget_type=\"spacer.default\">\n\t\t\t\t<div class=\"elementor-widget-container\">\n\t\t\t\t\t\t\t<div class=\"elementor-spacer\">\n\t\t\t<div class=\"elementor-spacer-inner\"><\/div>\n\t\t<\/div>\n\t\t\t\t\t\t<\/div>\n\t\t\t\t<\/div>\n\t\t\t\t<div class=\"elementor-element elementor-element-e4da534 elementor-widget elementor-widget-heading\" data-id=\"e4da534\" data-element_type=\"widget\" data-e-type=\"widget\" data-widget_type=\"heading.default\">\n\t\t\t\t<div class=\"elementor-widget-container\">\n\t\t\t\t\t<h2 class=\"elementor-heading-title elementor-size-default\">Unser Wahlprogramm...<\/h2>\t\t\t\t<\/div>\n\t\t\t\t<\/div>\n\t\t\t\t<div class=\"elementor-element elementor-element-aab5a45 elementor-widget elementor-widget-text-editor\" data-id=\"aab5a45\" data-element_type=\"widget\" data-e-type=\"widget\" data-widget_type=\"text-editor.default\">\n\t\t\t\t<div class=\"elementor-widget-container\">\n\t\t\t\t\t\t\t\t\t<p>Liebe Nachbarinnen und Nachbarn in Tempelhof-Sch\u00f6neberg,<\/p><p>Unser Ziel ist ein friedliches, gesundes und sicheres Zusammenleben f\u00fcr alle Berlinerinnen und Berliner. Wir setzen uns f\u00fcr eine Politik der Mitte ein, die ein offenes Miteinander aller Menschen f\u00f6rdert, unabh\u00e4ngig von ihrer Weltanschauung, ihrem Lebensstil oder ihrer Kultur. Unsere Wurzeln liegen in der Kommunalpolitik, und wir stehen f\u00fcr eine unabh\u00e4ngige, ideologiefreie Politik.<\/p><p>Berlin ist eine internationale Metropole mit einer einzigartigen Kiezkultur. Wir m\u00f6chten das Bew\u00e4hrte und Berlintypische bewahren und notwendige Modernisierungen im Interesse der Bewohner gestalten. Besonders wichtig sind uns die Erholungs-, Entfaltungs- und R\u00fcckzugsr\u00e4ume, die trotz Tourismus, Zuzug und Wirtschaftswachstum gesch\u00fctzt werden m\u00fcssen. Gr\u00fcnfl\u00e4chen, Parks und Spielpl\u00e4tze, wo Gemeinschaft gelebt wird, verdienen besonderen Schutz.<\/p><p>Wir glauben, dass die Meinung der Bewohnerinnen und Bewohner z\u00e4hlt, denn sie sind die Experten vor Ort. Wir sehen uns als ihre Vertreter und nehmen ihre Sorgen, Probleme und Ideen ernst. Diese sind das wertvollste Potenzial unseres Bezirks, das oft von anderen Parteien \u00fcbersehen wird. Wir m\u00f6chten, dass Sie mitreden und mitentscheiden k\u00f6nnen, um die besten L\u00f6sungen f\u00fcr unseren Bezirk zu finden und lebenswerte Stadtquartiere zu schaffen.<\/p><p>Wir sind eine alternative Wahlm\u00f6glichkeit. Wenn Sie mit der Arbeit der etablierten Parteien unzufrieden sind und zur lebenswerten Zukunft unseres Bezirks beitragen m\u00f6chten, geben Sie uns Ihre Stimme oder werden Sie Teil der b\u00fcrgernahen Gemeinschaft der FREIEN W\u00c4HLER Berlin in Tempelhof-Sch\u00f6neberg.<\/p><p>Unser vollst\u00e4ndiges Wahlprogramm f\u00fcr Tempelhof-Sch\u00f6neberg finden Sie hier.<\/p>\t\t\t\t\t\t\t\t<\/div>\n\t\t\t\t<\/div>\n\t\t\t\t<div class=\"elementor-element elementor-element-3c4d051 elementor-widget elementor-widget-button\" data-id=\"3c4d051\" data-element_type=\"widget\" data-e-type=\"widget\" data-widget_type=\"button.default\">\n\t\t\t\t<div class=\"elementor-widget-container\">\n\t\t\t\t\t\t\t\t\t<div class=\"elementor-button-wrapper\">\n\t\t\t\t\t<a class=\"elementor-button elementor-button-link elementor-size-sm\" href=\"https:\/\/mario-rhode.de\/wp-content\/uploads\/2021\/09\/Wahlprogramm.pdf\" target=\"_blank\">\n\t\t\t\t\t\t<span class=\"elementor-button-content-wrapper\">\n\t\t\t\t\t\t\t\t\t<span class=\"elementor-button-text\">Wahlprogramm<\/span>\n\t\t\t\t\t<\/span>\n\t\t\t\t\t<\/a>\n\t\t\t\t<\/div>\n\t\t\t\t\t\t\t\t<\/div>\n\t\t\t\t<\/div>\n\t\t\t\t<div class=\"elementor-element elementor-element-fb7d4f1 elementor-widget elementor-widget-spacer\" data-id=\"fb7d4f1\" data-element_type=\"widget\" data-e-type=\"widget\" data-widget_type=\"spacer.default\">\n\t\t\t\t<div class=\"elementor-widget-container\">\n\t\t\t\t\t\t\t<div class=\"elementor-spacer\">\n\t\t\t<div class=\"elementor-spacer-inner\"><\/div>\n\t\t<\/div>\n\t\t\t\t\t\t<\/div>\n\t\t\t\t<\/div>\n\t\t\t\t\t<\/div>\n\t\t<\/div>\n\t\t\t\t\t<\/div>\n\t\t<\/section>\n\t\t\t\t<\/div>\n\t\t","protected":false},"excerpt":{"rendered":"<p>Unser Wahlprogramm&#8230; Liebe Nachbarinnen und Nachbarn in Tempelhof-Sch\u00f6neberg, Unser Ziel ist ein friedliches, gesundes und sicheres Zusammenleben f\u00fcr alle Berlinerinnen und Berliner. Wir setzen uns f\u00fcr eine Politik der Mitte ein, die ein offenes Miteinander aller Menschen f\u00f6rdert, unabh\u00e4ngig von ihrer Weltanschauung, ihrem Lebensstil oder ihrer Kultur. Unsere Wurzeln liegen in der Kommunalpolitik, und wir [&hellip;]<\/p>\n","protected":false},"author":1,"featured_media":0,"parent":0,"menu_order":0,"comment_status":"closed","ping_status":"closed","template":"elementor_header_footer","meta":{"site-sidebar-layout":"no-sidebar","site-content-layout":"page-builder","ast-site-content-layout":"full-width-container","site-content-style":"unboxed","site-sidebar-style":"unboxed","ast-global-header-display":"","ast-banner-title-visibility":"","ast-main-header-display":"","ast-hfb-above-header-display":"","ast-hfb-below-header-display":"","ast-hfb-mobile-header-display":"","site-post-title":"disabled","ast-breadcrumbs-content":"","ast-featured-img":"disabled","footer-sml-layout":"","ast-disable-related-posts":"","theme-transparent-header-meta":"default","adv-header-id-meta":"","stick-header-meta":"","header-above-stick-meta":"","header-main-stick-meta":"","header-below-stick-meta":"","astra-migrate-meta-layouts":"set","ast-page-background-enabled":"default","ast-page-background-meta":{"desktop":{"background-color":"","background-image":"","background-repeat":"repeat","background-position":"center center","background-size":"auto","background-attachment":"scroll","background-type":"","background-media":"","overlay-type":"","overlay-color":"","overlay-opacity":"","overlay-gradient":""},"tablet":{"background-color":"","background-image":"","background-repeat":"repeat","background-position":"center center","background-size":"auto","background-attachment":"scroll","background-type":"","background-media":"","overlay-type":"","overlay-color":"","overlay-opacity":"","overlay-gradient":""},"mobile":{"background-color":"","background-image":"","background-repeat":"repeat","background-position":"center center","background-size":"auto","background-attachment":"scroll","background-type":"","background-media":"","overlay-type":"","overlay-color":"","overlay-opacity":"","overlay-gradient":""}},"ast-content-background-meta":{"desktop":{"background-color":"var(--ast-global-color-5)","background-image":"","background-repeat":"repeat","background-position":"center center","background-size":"auto","background-attachment":"scroll","background-type":"","background-media":"","overlay-type":"","overlay-color":"","overlay-opacity":"","overlay-gradient":""},"tablet":{"background-color":"var(--ast-global-color-5)","background-image":"","background-repeat":"repeat","background-position":"center center","background-size":"auto","background-attachment":"scroll","background-type":"","background-media":"","overlay-type":"","overlay-color":"","overlay-opacity":"","overlay-gradient":""},"mobile":{"background-color":"var(--ast-global-color-5)","background-image":"","background-repeat":"repeat","background-position":"center center","background-size":"auto","background-attachment":"scroll","background-type":"","background-media":"","overlay-type":"","overlay-color":"","overlay-opacity":"","overlay-gradient":""}},"footnotes":""},"class_list":["post-357","page","type-page","status-publish","hentry"],"_links":{"self":[{"href":"https:\/\/mario-rhode.de\/index.php?rest_route=\/wp\/v2\/pages\/357","targetHints":{"allow":["GET"]}}],"collection":[{"href":"https:\/\/mario-rhode.de\/index.php?rest_route=\/wp\/v2\/pages"}],"about":[{"href":"https:\/\/mario-rhode.de\/index.php?rest_route=\/wp\/v2\/types\/page"}],"author":[{"embeddable":true,"href":"https:\/\/mario-rhode.de\/index.php?rest_route=\/wp\/v2\/users\/1"}],"replies":[{"embeddable":true,"href":"https:\/\/mario-rhode.de\/index.php?rest_route=%2Fwp%2Fv2%2Fcomments&post=357"}],"version-history":[{"count":59,"href":"https:\/\/mario-rhode.de\/index.php?rest_route=\/wp\/v2\/pages\/357\/revisions"}],"predecessor-version":[{"id":1321,"href":"https:\/\/mario-rhode.de\/index.php?rest_route=\/wp\/v2\/pages\/357\/revisions\/1321"}],"wp:attachment":[{"href":"https:\/\/mario-rhode.de\/index.php?rest_route=%2Fwp%2Fv2%2Fmedia&parent=357"}],"curies":[{"name":"wp","href":"https:\/\/api.w.org\/{rel}","templated":true}]}}